{"id":10023,"date":"2026-03-31T11:25:07","date_gmt":"2026-03-31T16:25:07","guid":{"rendered":"https:\/\/shop.lareb.co\/?post_type=product&#038;p=10023"},"modified":"2026-03-31T11:26:30","modified_gmt":"2026-03-31T16:26:30","slug":"575-chocolate","status":"publish","type":"product","link":"https:\/\/shop.lareb.co\/es\/shop\/575-chocolate\/","title":{"rendered":"575 Chocolate"},"content":{"rendered":"<div class=\"page\" title=\"Page 3\">\n<div class=\"section\">\n<div class=\"layoutArea\">\n<div class=\"column\">\n<p>Blend monofinca de Casabianca, Tolima. Cosecha 2025<br \/>\nCultivar: Geisha, Typica, Sidra, Tabi<\/p>\n<p>Proceso natural. Fermentaci\u00f3n an\u00f3xica de 72 horas. Tosti\u00f3n ligera.<\/p>\n<p><em>Precio incluye IVA<br \/>\nEnv\u00edo gratis en Colombia para pedidos superiores a 500 g<br \/>\n<span style=\"color: #ff0000;\">No entregamos caf\u00e9 molido<\/span><\/em><\/p>\n<\/div>\n<\/div>\n<\/div>\n<\/div>","protected":false},"excerpt":{"rendered":"<p>Cuando el terroir no tiene mucho qu\u00e9 ofrecer, el productor debe construir su propia versi\u00f3n del sabor.<\/p>","protected":false},"featured_media":8504,"template":"","meta":[],"product_brand":[],"product_cat":[23,18],"product_tag":[],"class_list":{"0":"post-10023","1":"product","2":"type-product","3":"status-publish","4":"has-post-thumbnail","6":"product_cat-drops","7":"product_cat-roasted","8":"product_shipping_class-gratis-colombia","10":"first","11":"instock","12":"purchasable","13":"product-type-variable","14":"layout-style-1","15":"col-md-4 col-sm-4 col-xs-6","16":"col-lg-3","17":"product-has-gallery","18":"product-style-addtocart"},"_links":{"self":[{"href":"https:\/\/shop.lareb.co\/es\/wp-json\/wp\/v2\/product\/10023","targetHints":{"allow":["GET"]}}],"collection":[{"href":"https:\/\/shop.lareb.co\/es\/wp-json\/wp\/v2\/product"}],"about":[{"href":"https:\/\/shop.lareb.co\/es\/wp-json\/wp\/v2\/types\/product"}],"wp:featuredmedia":[{"embeddable":true,"href":"https:\/\/shop.lareb.co\/es\/wp-json\/wp\/v2\/media\/8504"}],"wp:attachment":[{"href":"https:\/\/shop.lareb.co\/es\/wp-json\/wp\/v2\/media?parent=10023"}],"wp:term":[{"taxonomy":"product_brand","embeddable":true,"href":"https:\/\/shop.lareb.co\/es\/wp-json\/wp\/v2\/product_brand?post=10023"},{"taxonomy":"product_cat","embeddable":true,"href":"https:\/\/shop.lareb.co\/es\/wp-json\/wp\/v2\/product_cat?post=10023"},{"taxonomy":"product_tag","embeddable":true,"href":"https:\/\/shop.lareb.co\/es\/wp-json\/wp\/v2\/product_tag?post=10023"}],"curies":[{"name":"wp","href":"https:\/\/api.w.org\/{rel}","templated":true}]}}