{"id":10056,"date":"2026-04-24T10:08:21","date_gmt":"2026-04-24T15:08:21","guid":{"rendered":"https:\/\/shop.lareb.co\/?post_type=product&#038;p=10056"},"modified":"2026-04-27T10:02:47","modified_gmt":"2026-04-27T15:02:47","slug":"el-encanto-geisha-honey","status":"publish","type":"product","link":"https:\/\/shop.lareb.co\/es\/shop\/el-encanto-geisha-honey\/","title":{"rendered":"El Encanto Geisha Honey"},"content":{"rendered":"<div class=\"page\" title=\"Page 3\">\n<div class=\"section\">\n<div class=\"layoutArea\">\n<div class=\"column\">\n<p>Nanolote monofinca de Filandia, Quind\u00edo. Cosecha 2026<\/p>\n<p>Proceso semilavado: recoleccio\u0301n manual de granos maduros, con fermentaci\u00f3n en cereza. Despulpado, fermentado hasta por 72h. Secado en sombra y luego 100% al Sol. Seleccio\u0301n de granos mallas 13 a 18. Tosti\u00f3n ligera.<\/p>\n<p><em>Precio incluye IVA<br \/>\nEnv\u00edo gratis en Colombia para pedidos superiores a 500 g<br \/>\n<span style=\"color: #ff0000;\">No entregamos caf\u00e9 molido<\/span><\/em><\/p>\n<\/div>\n<\/div>\n<\/div>\n<\/div>","protected":false},"excerpt":{"rendered":"<p>Aunque el mercado diga lo contrario, la sostenibilidad y las buenas pr\u00e1cticas agr\u00edcolas siguen siendo la clave para un buen caf\u00e9.<\/p>","protected":false},"featured_media":10086,"template":"","meta":[],"product_brand":[],"product_cat":[24,18],"product_tag":[],"class_list":{"0":"post-10056","1":"product","2":"type-product","3":"status-publish","4":"has-post-thumbnail","6":"product_cat-competicion","7":"product_cat-roasted","9":"first","10":"outofstock","11":"purchasable","12":"product-type-variable","13":"layout-style-1","14":"col-md-4 col-sm-4 col-xs-6","15":"col-lg-3","16":"product-has-gallery","17":"product-style-addtocart"},"_links":{"self":[{"href":"https:\/\/shop.lareb.co\/es\/wp-json\/wp\/v2\/product\/10056","targetHints":{"allow":["GET"]}}],"collection":[{"href":"https:\/\/shop.lareb.co\/es\/wp-json\/wp\/v2\/product"}],"about":[{"href":"https:\/\/shop.lareb.co\/es\/wp-json\/wp\/v2\/types\/product"}],"wp:featuredmedia":[{"embeddable":true,"href":"https:\/\/shop.lareb.co\/es\/wp-json\/wp\/v2\/media\/10086"}],"wp:attachment":[{"href":"https:\/\/shop.lareb.co\/es\/wp-json\/wp\/v2\/media?parent=10056"}],"wp:term":[{"taxonomy":"product_brand","embeddable":true,"href":"https:\/\/shop.lareb.co\/es\/wp-json\/wp\/v2\/product_brand?post=10056"},{"taxonomy":"product_cat","embeddable":true,"href":"https:\/\/shop.lareb.co\/es\/wp-json\/wp\/v2\/product_cat?post=10056"},{"taxonomy":"product_tag","embeddable":true,"href":"https:\/\/shop.lareb.co\/es\/wp-json\/wp\/v2\/product_tag?post=10056"}],"curies":[{"name":"wp","href":"https:\/\/api.w.org\/{rel}","templated":true}]}}