{"id":8462,"date":"2020-03-21T16:36:53","date_gmt":"2020-03-21T21:36:53","guid":{"rendered":"https:\/\/shop.lareb.co\/?post_type=product&#038;p=8462"},"modified":"2026-03-27T14:20:43","modified_gmt":"2026-03-27T19:20:43","slug":"ugqde5000","status":"publish","type":"product","link":"https:\/\/shop.lareb.co\/es\/shop\/ugqde5000\/","title":{"rendered":"UGQ, 5 kilos"},"content":{"rendered":"<div class=\"page\" title=\"Page 3\">\n<div class=\"section\">\n<div class=\"layoutArea\">\n<div class=\"column\">\n<p>Mezcla de caf\u00e9s lavados de todo el proyecto.<\/p>\n<p>El proceso lavado, caracteri\u0301stico en cafe\u0301s colombianos, aporta limpieza, claridad y brillo al cafe\u0301, a la vez que sacrifica un poco de cuerpo y frutosidad. Nuestra selecci\u00f3n de caf\u00e9s se inclina hacia lotes que se fermentan por el mayor tiempo posible. La mayor\u00eda son fermentados en masa seca hasta por dos di\u0301as en tanque, para no perder el cara\u0301cter frutal, mientras que mantenemos su limpieza balanceada con un buen lavado.<\/p>\n<p>Seleccio\u0301n de granos mallas 14 a 16 (UGQ). Tosti\u00f3n ligera.<\/p>\n<p><em>Precio incluye IVA y env\u00edo <\/em><em>en Colombia<\/em><br \/>\n<span style=\"color: #ff0000\"><em>No entregamos caf\u00e9 molido<\/em><\/span><\/p>\n<\/div>\n<\/div>\n<\/div>\n<\/div>","protected":false},"excerpt":{"rendered":"<p>Selecci\u00f3n de caf\u00e9s mezclados para obtener taza limpia.<\/p>\n<p>Seg\u00fan nosotros: fragancia almendrada y c\u00edtrica. En boca, tiene cuerpo medio y leve car\u00e1cter frutal; Mezcla de compota de manzana y jugo de ca\u00f1a. Leve final especiado.<\/p>\n<p><span style=\"color: #ff0000\">5 bolsas de 1000 g por unidad<\/span><\/p>\n<p><em>&#8211; Env\u00edo Gratis en Colombia &#8211;<\/em><\/p>","protected":false},"featured_media":8463,"template":"","meta":[],"product_brand":[],"product_cat":[29,18,21],"product_tag":[34],"class_list":{"0":"post-8462","1":"product","2":"type-product","3":"status-publish","4":"has-post-thumbnail","6":"product_cat-nonpublic","7":"product_cat-roasted","8":"product_cat-rotacion","9":"product_tag-institucional","10":"product_shipping_class-gratis-colombia","12":"first","13":"instock","14":"shipping-taxable","15":"purchasable","16":"product-type-variable","17":"layout-style-1","18":"col-md-4 col-sm-4 col-xs-6","19":"col-lg-3","20":"product-has-gallery","21":"product-style-addtocart"},"_links":{"self":[{"href":"https:\/\/shop.lareb.co\/es\/wp-json\/wp\/v2\/product\/8462","targetHints":{"allow":["GET"]}}],"collection":[{"href":"https:\/\/shop.lareb.co\/es\/wp-json\/wp\/v2\/product"}],"about":[{"href":"https:\/\/shop.lareb.co\/es\/wp-json\/wp\/v2\/types\/product"}],"wp:featuredmedia":[{"embeddable":true,"href":"https:\/\/shop.lareb.co\/es\/wp-json\/wp\/v2\/media\/8463"}],"wp:attachment":[{"href":"https:\/\/shop.lareb.co\/es\/wp-json\/wp\/v2\/media?parent=8462"}],"wp:term":[{"taxonomy":"product_brand","embeddable":true,"href":"https:\/\/shop.lareb.co\/es\/wp-json\/wp\/v2\/product_brand?post=8462"},{"taxonomy":"product_cat","embeddable":true,"href":"https:\/\/shop.lareb.co\/es\/wp-json\/wp\/v2\/product_cat?post=8462"},{"taxonomy":"product_tag","embeddable":true,"href":"https:\/\/shop.lareb.co\/es\/wp-json\/wp\/v2\/product_tag?post=8462"}],"curies":[{"name":"wp","href":"https:\/\/api.w.org\/{rel}","templated":true}]}}