{"id":8468,"date":"2021-06-14T18:33:26","date_gmt":"2021-06-14T23:33:26","guid":{"rendered":"https:\/\/shop.lareb.co\/?product=los-tres-reyes-magos-2020"},"modified":"2026-01-09T09:54:34","modified_gmt":"2026-01-09T14:54:34","slug":"3rm","status":"publish","type":"product","link":"https:\/\/shop.lareb.co\/es\/shop\/3rm\/","title":{"rendered":"Los Tres Reyes Magos 2025"},"content":{"rendered":"<p>Tres recipientes met\u00e1licos de 110 g cada uno, dentro de un tubo conmemorativo estampado con una ilustraci\u00f3n bot\u00e1nica de la <em>Passiflora mixta<\/em> (Curuba criolla), como homenaje a nuestra flora.<\/p>\n<p>Anderson Castrill\u00f3n x 3 lotes exclusivos:<br \/>\n&#8211; Castillo Lavado<br \/>\n&#8211; Castillo Semilavado<br \/>\n&#8211; Castillo Natural<br \/>\nLa Celia, Risaralda<\/p>\n<p>&nbsp;<\/p>\n<p><strong>Siguiente despacho: 26 de Diciembre <\/strong><\/p>\n<p><em>S\u00f3lo 45 unidades disponibles<br \/>\n<\/em><\/p>","protected":false},"excerpt":{"rendered":"<p>Tres procesos de Anderson Castrill\u00f3n para la nueva edici\u00f3n de las latas m\u00e1gicas.<br \/>\nUna selecci\u00f3n producida y procesada por nuestro tostador.<\/p>","protected":false},"featured_media":8469,"template":"","meta":[],"product_brand":[],"product_cat":[24,18],"product_tag":[],"class_list":{"0":"post-8468","1":"product","2":"type-product","3":"status-publish","4":"has-post-thumbnail","6":"product_cat-competicion","7":"product_cat-roasted","9":"first","10":"outofstock","11":"purchasable","12":"product-type-simple","13":"layout-style-1","14":"col-md-4 col-sm-4 col-xs-6","15":"col-lg-3","16":"product-has-gallery","17":"product-style-addtocart"},"_links":{"self":[{"href":"https:\/\/shop.lareb.co\/es\/wp-json\/wp\/v2\/product\/8468","targetHints":{"allow":["GET"]}}],"collection":[{"href":"https:\/\/shop.lareb.co\/es\/wp-json\/wp\/v2\/product"}],"about":[{"href":"https:\/\/shop.lareb.co\/es\/wp-json\/wp\/v2\/types\/product"}],"wp:featuredmedia":[{"embeddable":true,"href":"https:\/\/shop.lareb.co\/es\/wp-json\/wp\/v2\/media\/8469"}],"wp:attachment":[{"href":"https:\/\/shop.lareb.co\/es\/wp-json\/wp\/v2\/media?parent=8468"}],"wp:term":[{"taxonomy":"product_brand","embeddable":true,"href":"https:\/\/shop.lareb.co\/es\/wp-json\/wp\/v2\/product_brand?post=8468"},{"taxonomy":"product_cat","embeddable":true,"href":"https:\/\/shop.lareb.co\/es\/wp-json\/wp\/v2\/product_cat?post=8468"},{"taxonomy":"product_tag","embeddable":true,"href":"https:\/\/shop.lareb.co\/es\/wp-json\/wp\/v2\/product_tag?post=8468"}],"curies":[{"name":"wp","href":"https:\/\/api.w.org\/{rel}","templated":true}]}}