{"id":8503,"date":"2021-06-14T18:34:56","date_gmt":"2021-06-14T23:34:56","guid":{"rendered":"https:\/\/shop.lareb.co\/?product=lizardo-herrera"},"modified":"2026-03-30T13:34:40","modified_gmt":"2026-03-30T18:34:40","slug":"luis-camacho","status":"publish","type":"product","link":"https:\/\/shop.lareb.co\/es\/shop\/luis-camacho\/","title":{"rendered":"Luis Camacho Rosado"},"content":{"rendered":"<div class=\"page\" title=\"Page 3\">\n<div class=\"section\">\n<div class=\"layoutArea\">\n<div class=\"column\">\n<p>Altura: 1750 msnm<br \/>\nMunicipio: Palestina<br \/>\nVariedad: Rosado<br \/>\nProceso: Lavado<\/p>\n<p>Buen cultivo + buen proceso = excelente caf\u00e9.<br \/>\nPara nosotros es un caf\u00e9 limpio, lleno y complejo. Con notas tropicales y final limpio.<\/p>\n<p><em>Precio incluye IVA y env\u00edo en Bogot\u00e1<br \/>\n<span style=\"color: #ff0000\">No entregamos caf\u00e9 molido<\/span><br \/>\n<\/em><\/p>\n<\/div>\n<\/div>\n<\/div>\n<\/div>","protected":false},"excerpt":{"rendered":"<p>Aunque el mercado diga lo contrario, las buenas pr\u00e1cticas agr\u00edcolas siguen siendo la clave para un buen caf\u00e9.<\/p>","protected":false},"featured_media":9702,"template":"","meta":[],"product_brand":[],"product_cat":[22,18],"product_tag":[],"class_list":{"0":"post-8503","1":"product","2":"type-product","3":"status-publish","4":"has-post-thumbnail","6":"product_cat-micros","7":"product_cat-roasted","9":"first","10":"instock","11":"purchasable","12":"product-type-variable","13":"layout-style-1","14":"col-md-4 col-sm-4 col-xs-6","15":"col-lg-3","16":"product-has-gallery","17":"product-style-addtocart"},"_links":{"self":[{"href":"https:\/\/shop.lareb.co\/es\/wp-json\/wp\/v2\/product\/8503","targetHints":{"allow":["GET"]}}],"collection":[{"href":"https:\/\/shop.lareb.co\/es\/wp-json\/wp\/v2\/product"}],"about":[{"href":"https:\/\/shop.lareb.co\/es\/wp-json\/wp\/v2\/types\/product"}],"wp:featuredmedia":[{"embeddable":true,"href":"https:\/\/shop.lareb.co\/es\/wp-json\/wp\/v2\/media\/9702"}],"wp:attachment":[{"href":"https:\/\/shop.lareb.co\/es\/wp-json\/wp\/v2\/media?parent=8503"}],"wp:term":[{"taxonomy":"product_brand","embeddable":true,"href":"https:\/\/shop.lareb.co\/es\/wp-json\/wp\/v2\/product_brand?post=8503"},{"taxonomy":"product_cat","embeddable":true,"href":"https:\/\/shop.lareb.co\/es\/wp-json\/wp\/v2\/product_cat?post=8503"},{"taxonomy":"product_tag","embeddable":true,"href":"https:\/\/shop.lareb.co\/es\/wp-json\/wp\/v2\/product_tag?post=8503"}],"curies":[{"name":"wp","href":"https:\/\/api.w.org\/{rel}","templated":true}]}}