{"id":8671,"date":"2022-10-06T14:32:03","date_gmt":"2022-10-06T19:32:03","guid":{"rendered":"https:\/\/shop.lareb.co\/?post_type=product&#038;p=8671"},"modified":"2026-02-04T09:46:58","modified_gmt":"2026-02-04T14:46:58","slug":"mustafa-descafeinado","status":"publish","type":"product","link":"https:\/\/shop.lareb.co\/es\/shop\/mustafa-descafeinado\/","title":{"rendered":"Mustaf\u00e1 Descafeinado"},"content":{"rendered":"<div class=\"page\" title=\"Page 3\">\n<div class=\"section\">\n<div class=\"layoutArea\">\n<div class=\"column\">\n<div class=\"layoutArea\">\n<div class=\"column\">Altura: 1600 msnm<br \/>\nVereda: El Pital de Combia<br \/>\nMunicipio: Pereira y La Celia<br \/>\nVariedad: Castillo<\/div>\n<\/div>\n<p>Mustaf\u00e1 Decaf es el \u00fanico caf\u00e9 descafeinado monofinca de Colombia. La mayor parte del lote est\u00e1 procesada a trav\u00e9s de la t\u00e9cnica de fermentaci\u00f3n de fed-batch o &#8216;bache alimentado&#8217;, que consiste en la mezcla progresiva de varias tandas de cerezas maduras despulpadas en tanques tradicionales. Este proceso crea una taza redonda, cremosa y frutal. Este caf\u00e9 integra caracter\u00edsticas cl\u00e1sicas de un proceso lavado, al tiempo que expresa el brillo propio de una fermentaci\u00f3n larga. Es un cl\u00e1sico de la Real Expedici\u00f3n Bot\u00e1nica que nos emociona compartir.<\/p>\n<p>Precio incluye IVA<br \/>\n-Env\u00edo gratis para pedidos de 500 g o m\u00e1s &#8211;<\/p>\n<\/div>\n<\/div>\n<\/div>\n<\/div>","protected":false},"excerpt":{"rendered":"<p>El descafeinado no es un mal caf\u00e9. No tiene que serlo.<\/p>","protected":false},"featured_media":9100,"template":"","meta":[],"product_brand":[],"product_cat":[18,21],"product_tag":[],"class_list":{"0":"post-8671","1":"product","2":"type-product","3":"status-publish","4":"has-post-thumbnail","6":"product_cat-roasted","7":"product_cat-rotacion","8":"product_shipping_class-gratis-colombia","10":"first","11":"instock","12":"purchasable","13":"product-type-variable","14":"layout-style-1","15":"col-md-4 col-sm-4 col-xs-6","16":"col-lg-3","17":"product-has-gallery","18":"product-style-addtocart"},"_links":{"self":[{"href":"https:\/\/shop.lareb.co\/es\/wp-json\/wp\/v2\/product\/8671","targetHints":{"allow":["GET"]}}],"collection":[{"href":"https:\/\/shop.lareb.co\/es\/wp-json\/wp\/v2\/product"}],"about":[{"href":"https:\/\/shop.lareb.co\/es\/wp-json\/wp\/v2\/types\/product"}],"wp:featuredmedia":[{"embeddable":true,"href":"https:\/\/shop.lareb.co\/es\/wp-json\/wp\/v2\/media\/9100"}],"wp:attachment":[{"href":"https:\/\/shop.lareb.co\/es\/wp-json\/wp\/v2\/media?parent=8671"}],"wp:term":[{"taxonomy":"product_brand","embeddable":true,"href":"https:\/\/shop.lareb.co\/es\/wp-json\/wp\/v2\/product_brand?post=8671"},{"taxonomy":"product_cat","embeddable":true,"href":"https:\/\/shop.lareb.co\/es\/wp-json\/wp\/v2\/product_cat?post=8671"},{"taxonomy":"product_tag","embeddable":true,"href":"https:\/\/shop.lareb.co\/es\/wp-json\/wp\/v2\/product_tag?post=8671"}],"curies":[{"name":"wp","href":"https:\/\/api.w.org\/{rel}","templated":true}]}}