{"id":8684,"date":"2022-10-06T14:37:29","date_gmt":"2022-10-06T19:37:29","guid":{"rendered":"https:\/\/shop.lareb.co\/?post_type=product&#038;p=8684"},"modified":"2026-04-27T10:15:11","modified_gmt":"2026-04-27T15:15:11","slug":"575-nds","status":"publish","type":"product","link":"https:\/\/shop.lareb.co\/es\/shop\/575-nds\/","title":{"rendered":"575 Natural de Siempre"},"content":{"rendered":"<div class=\"page\" title=\"Page 3\">\n<div class=\"section\">\n<div class=\"layoutArea\">\n<div class=\"column\">\n<p>Nanolote monofinca de Palocabildo, Tolima. Cosecha 2025<\/p>\n<p>La \u00faltima cosecha de CR 95<\/p>\n<p>Proceso natural de siempre. Fermentaci\u00f3n an\u00f3xica de 72 horas. Tosti\u00f3n ligera.<\/p>\n<p><em>Precio incluye IVA<br \/>\nEnv\u00edo gratis en Colombia para pedidos superiores a 500 g<br \/>\n<span style=\"color: #ff0000;\">No entregamos caf\u00e9 molido<\/span><\/em><\/p>\n<\/div>\n<\/div>\n<\/div>\n<\/div>","protected":false},"excerpt":{"rendered":"<p>Cuando el terroir no tiene mucho qu\u00e9 ofrecer, el productor debe construir su propia versi\u00f3n del sabor.<\/p>","protected":false},"featured_media":10098,"template":"","meta":[],"product_brand":[],"product_cat":[23,18],"product_tag":[],"class_list":{"0":"post-8684","1":"product","2":"type-product","3":"status-publish","4":"has-post-thumbnail","6":"product_cat-drops","7":"product_cat-roasted","8":"product_shipping_class-gratis-colombia","10":"first","11":"outofstock","12":"purchasable","13":"product-type-variable","14":"layout-style-1","15":"col-md-4 col-sm-4 col-xs-6","16":"col-lg-3","17":"product-has-gallery","18":"product-style-addtocart"},"_links":{"self":[{"href":"https:\/\/shop.lareb.co\/es\/wp-json\/wp\/v2\/product\/8684","targetHints":{"allow":["GET"]}}],"collection":[{"href":"https:\/\/shop.lareb.co\/es\/wp-json\/wp\/v2\/product"}],"about":[{"href":"https:\/\/shop.lareb.co\/es\/wp-json\/wp\/v2\/types\/product"}],"wp:featuredmedia":[{"embeddable":true,"href":"https:\/\/shop.lareb.co\/es\/wp-json\/wp\/v2\/media\/10098"}],"wp:attachment":[{"href":"https:\/\/shop.lareb.co\/es\/wp-json\/wp\/v2\/media?parent=8684"}],"wp:term":[{"taxonomy":"product_brand","embeddable":true,"href":"https:\/\/shop.lareb.co\/es\/wp-json\/wp\/v2\/product_brand?post=8684"},{"taxonomy":"product_cat","embeddable":true,"href":"https:\/\/shop.lareb.co\/es\/wp-json\/wp\/v2\/product_cat?post=8684"},{"taxonomy":"product_tag","embeddable":true,"href":"https:\/\/shop.lareb.co\/es\/wp-json\/wp\/v2\/product_tag?post=8684"}],"curies":[{"name":"wp","href":"https:\/\/api.w.org\/{rel}","templated":true}]}}