{"id":9288,"date":"2024-04-18T14:06:18","date_gmt":"2024-04-18T19:06:18","guid":{"rendered":"https:\/\/shop.lareb.co\/?post_type=product&#038;p=9288"},"modified":"2026-04-27T10:17:28","modified_gmt":"2026-04-27T15:17:28","slug":"suscripcion-basica","status":"publish","type":"product","link":"https:\/\/shop.lareb.co\/es\/shop\/suscripcion-basica\/","title":{"rendered":"Suscripci\u00f3n B\u00e1sica"},"content":{"rendered":"<p>La oportunidad perfecta para descubrir caf\u00e9s diferentes cada mes. Seleccionados seg\u00fan la temporada.<\/p>\n<p>Caf\u00e9s de Mayo:<br \/>\n&#8211; 575 Caf\u00e9 Mundo Novo (natural)<br \/>\n&#8211; Diego Agudelo Geisha<\/p>\n<p>Tosti\u00f3n muy ligera. Agtron 108.<\/p>\n<p>Dos caf\u00e9s de competencia de una misma regi\u00f3n; un Geisha y un Sidra. Lavado y natural para contrastar los l\u00edmites de cada finca.<\/p>\n<p><em>Precio incluye IVA y env\u00edo gratis en Colombia<\/em><br \/>\n<span style=\"color: #ff0000;\"><em>No entregamos caf\u00e9 molido<\/em><\/span><\/p>","protected":false},"excerpt":{"rendered":"<p>Nuestros mejores caf\u00e9s de temporada entregados puerta a puerta.<br \/>\nDos bolsas de Microlotes diferentes de 250 g por entrega.<\/p>\n<div class=\"woocommerce-product-details__short-description\">\n<p><em>\u2013 Env\u00edo gratis en Colombia \u2013<\/em><\/p>\n<\/div>","protected":false},"featured_media":10099,"template":"","meta":[],"product_brand":[],"product_cat":[18,20],"product_tag":[],"class_list":{"0":"post-9288","1":"product","2":"type-product","3":"status-publish","4":"has-post-thumbnail","6":"product_cat-roasted","7":"product_cat-subscription","8":"product_shipping_class-gratis-colombia","10":"first","11":"instock","12":"sold-individually","13":"shipping-taxable","14":"purchasable","15":"product-type-variable-subscription","16":"has-default-attributes","17":"layout-style-1","18":"col-md-4 col-sm-4 col-xs-6","19":"col-lg-3","20":"product-has-gallery","21":"product-style-addtocart"},"_links":{"self":[{"href":"https:\/\/shop.lareb.co\/es\/wp-json\/wp\/v2\/product\/9288","targetHints":{"allow":["GET"]}}],"collection":[{"href":"https:\/\/shop.lareb.co\/es\/wp-json\/wp\/v2\/product"}],"about":[{"href":"https:\/\/shop.lareb.co\/es\/wp-json\/wp\/v2\/types\/product"}],"wp:featuredmedia":[{"embeddable":true,"href":"https:\/\/shop.lareb.co\/es\/wp-json\/wp\/v2\/media\/10099"}],"wp:attachment":[{"href":"https:\/\/shop.lareb.co\/es\/wp-json\/wp\/v2\/media?parent=9288"}],"wp:term":[{"taxonomy":"product_brand","embeddable":true,"href":"https:\/\/shop.lareb.co\/es\/wp-json\/wp\/v2\/product_brand?post=9288"},{"taxonomy":"product_cat","embeddable":true,"href":"https:\/\/shop.lareb.co\/es\/wp-json\/wp\/v2\/product_cat?post=9288"},{"taxonomy":"product_tag","embeddable":true,"href":"https:\/\/shop.lareb.co\/es\/wp-json\/wp\/v2\/product_tag?post=9288"}],"curies":[{"name":"wp","href":"https:\/\/api.w.org\/{rel}","templated":true}]}}